{"id":43,"date":"2015-12-17T16:42:27","date_gmt":"2015-12-17T16:42:27","guid":{"rendered":"http:\/\/skg-erbstetten.de\/wordpress\/?page_id=43"},"modified":"2020-08-30T22:44:17","modified_gmt":"2020-08-30T22:44:17","slug":"fussball","status":"publish","type":"page","link":"http:\/\/skg-erbstetten.de\/?page_id=43","title":{"rendered":"Fu\u00dfball"},"content":{"rendered":"<p><a href=\"http:\/\/skg-erbstetten.de\/?page_id=49\" rel=\"attachment wp-att-128\"><img loading=\"lazy\" decoding=\"async\" class=\"alignnone  wp-image-128\" src=\"http:\/\/skg-erbstetten.de\/wp-content\/uploads\/2015\/12\/Jungend.jpg\" alt=\"Jungend\" width=\"166\" height=\"143\" srcset=\"http:\/\/skg-erbstetten.de\/wp-content\/uploads\/2015\/12\/Jungend.jpg 2000w, http:\/\/skg-erbstetten.de\/wp-content\/uploads\/2015\/12\/Jungend-300x258.jpg 300w, http:\/\/skg-erbstetten.de\/wp-content\/uploads\/2015\/12\/Jungend-768x661.jpg 768w, http:\/\/skg-erbstetten.de\/wp-content\/uploads\/2015\/12\/Jungend-1024x881.jpg 1024w, http:\/\/skg-erbstetten.de\/wp-content\/uploads\/2015\/12\/Jungend-349x300.jpg 349w\" sizes=\"auto, (max-width: 166px) 100vw, 166px\" \/><\/a><a href=\"http:\/\/skg-erbstetten.de\/wp-content\/uploads\/2015\/12\/Aktive.jpg\" rel=\"attachment wp-att-127\">&nbsp; &nbsp;<\/a><a href=\"http:\/\/skg-erbstetten.de\/?page_id=47\"><img loading=\"lazy\" decoding=\"async\" class=\"alignnone  wp-image-127\" src=\"http:\/\/skg-erbstetten.de\/wp-content\/uploads\/2015\/12\/Aktive.jpg\" alt=\"Aktive\" width=\"166\" height=\"143\" srcset=\"http:\/\/skg-erbstetten.de\/wp-content\/uploads\/2015\/12\/Aktive.jpg 2000w, http:\/\/skg-erbstetten.de\/wp-content\/uploads\/2015\/12\/Aktive-300x258.jpg 300w, http:\/\/skg-erbstetten.de\/wp-content\/uploads\/2015\/12\/Aktive-768x661.jpg 768w, http:\/\/skg-erbstetten.de\/wp-content\/uploads\/2015\/12\/Aktive-1024x881.jpg 1024w, http:\/\/skg-erbstetten.de\/wp-content\/uploads\/2015\/12\/Aktive-349x300.jpg 349w\" sizes=\"auto, (max-width: 166px) 100vw, 166px\" \/><\/a><a href=\"http:\/\/skg-erbstetten.de\/?page_id=105\" rel=\"attachment wp-att-135\">&nbsp; &nbsp;<img loading=\"lazy\" decoding=\"async\" class=\"alignnone  wp-image-135\" src=\"http:\/\/skg-erbstetten.de\/wp-content\/uploads\/2015\/12\/2.Mannschaft.jpg\" alt=\"2.Mannschaft\" width=\"166\" height=\"143\" srcset=\"http:\/\/skg-erbstetten.de\/wp-content\/uploads\/2015\/12\/2.Mannschaft.jpg 2000w, http:\/\/skg-erbstetten.de\/wp-content\/uploads\/2015\/12\/2.Mannschaft-300x258.jpg 300w, http:\/\/skg-erbstetten.de\/wp-content\/uploads\/2015\/12\/2.Mannschaft-768x661.jpg 768w, http:\/\/skg-erbstetten.de\/wp-content\/uploads\/2015\/12\/2.Mannschaft-1024x881.jpg 1024w, http:\/\/skg-erbstetten.de\/wp-content\/uploads\/2015\/12\/2.Mannschaft-349x300.jpg 349w\" sizes=\"auto, (max-width: 166px) 100vw, 166px\" \/><\/a><a href=\"http:\/\/skg-erbstetten.de\/?page_id=51\" rel=\"attachment wp-att-129\"><img loading=\"lazy\" decoding=\"async\" class=\"alignnone  wp-image-129\" src=\"http:\/\/skg-erbstetten.de\/wp-content\/uploads\/2015\/12\/Senioren.jpg\" alt=\"Senioren\" width=\"166\" height=\"143\" srcset=\"http:\/\/skg-erbstetten.de\/wp-content\/uploads\/2015\/12\/Senioren.jpg 2000w, http:\/\/skg-erbstetten.de\/wp-content\/uploads\/2015\/12\/Senioren-300x258.jpg 300w, http:\/\/skg-erbstetten.de\/wp-content\/uploads\/2015\/12\/Senioren-768x661.jpg 768w, http:\/\/skg-erbstetten.de\/wp-content\/uploads\/2015\/12\/Senioren-1024x881.jpg 1024w, http:\/\/skg-erbstetten.de\/wp-content\/uploads\/2015\/12\/Senioren-349x300.jpg 349w\" sizes=\"auto, (max-width: 166px) 100vw, 166px\" \/><\/a>&nbsp; &nbsp;<a href=\"http:\/\/skg-erbstetten.de\/?page_id=275\" rel=\"attachment wp-att-311\"><img loading=\"lazy\" decoding=\"async\" class=\"alignnone  wp-image-311\" src=\"http:\/\/skg-erbstetten.de\/wp-content\/uploads\/2016\/04\/Schiedsrichter.jpg\" alt=\"Schiedsrichter\" width=\"166\" height=\"143\" srcset=\"http:\/\/skg-erbstetten.de\/wp-content\/uploads\/2016\/04\/Schiedsrichter.jpg 1024w, http:\/\/skg-erbstetten.de\/wp-content\/uploads\/2016\/04\/Schiedsrichter-300x258.jpg 300w, http:\/\/skg-erbstetten.de\/wp-content\/uploads\/2016\/04\/Schiedsrichter-768x661.jpg 768w, http:\/\/skg-erbstetten.de\/wp-content\/uploads\/2016\/04\/Schiedsrichter-349x300.jpg 349w\" sizes=\"auto, (max-width: 166px) 100vw, 166px\" \/><\/a><a href=\"http:\/\/skg-erbstetten.de\/?page_id=307\" rel=\"attachment wp-att-310\">&nbsp; &nbsp;<img loading=\"lazy\" decoding=\"async\" class=\"alignnone  wp-image-310\" src=\"http:\/\/skg-erbstetten.de\/wp-content\/uploads\/2016\/04\/Anfahrt.jpg\" alt=\"Anfahrt\" width=\"166\" height=\"143\" srcset=\"http:\/\/skg-erbstetten.de\/wp-content\/uploads\/2016\/04\/Anfahrt.jpg 1024w, http:\/\/skg-erbstetten.de\/wp-content\/uploads\/2016\/04\/Anfahrt-300x258.jpg 300w, http:\/\/skg-erbstetten.de\/wp-content\/uploads\/2016\/04\/Anfahrt-768x661.jpg 768w, http:\/\/skg-erbstetten.de\/wp-content\/uploads\/2016\/04\/Anfahrt-349x300.jpg 349w\" sizes=\"auto, (max-width: 166px) 100vw, 166px\" \/><\/a><\/p>\n\n\n<p><\/p>\n\n\n\n<p><strong>Hygienekonzept der SKG Erbstetten:<\/strong><\/p>\n\n\n\n<ul class=\"wp-block-list\"><li>Alle Besucher halten sich bitte an die Hygieneempfehlungen des WFV, diese sind gut ersichtlich sowohl f\u00fcr die Zuschauer, wie auch die Spieler ausgeh\u00e4ngt.<\/li><li>Regelm\u00e4\u00dfiges H\u00e4ndewaschen auf den Toiletten m\u00f6glich mit Einweghandt\u00fcchern<\/li><li>Bei Krankheitssymptomen (Fieber, Husten usw.) bleiben Sie dem Spielbetrieb bitte fern<\/li><li>Alle Zuschauer tragen Ihre Daten in die bereit liegenden Erfassungszettel ein (diese werden 4 Wochen aufbewahrt und dann vernichtet)<\/li><li>Die Heimspielgegner bringen bitte eine Liste aller auf dem Spielbericht aufgef\u00fchrten Spieler und Funktionstr\u00e4ger mit, gef\u00fcllt mit folgenden Daten: Vor- und Nachname, vollst\u00e4ndige Adresse, Geburtsdatum und Telefonnummer. Diese Liste wird der SKG \u00fcbergeben und von uns nach 4 Wochen Aufbewahrungsfrist vernichtet. <\/li><li>Beim Betreten des Sportgel\u00e4ndes desinfizieren Sie bitte die H\u00e4nde am bereitgestellten Spender<\/li><li>Die Gegner unserer SG Mannschaft verlassen nach dem Umziehen umgehend die Kabine inkl. aller Utensilien (diese bitte bei der Auswechselbank G\u00e4ste deponieren), danach wird die Kabine gel\u00fcftet und desinfiziert <\/li><li>Die Gegner der SKG verfahren bitte ebenso<\/li><li>Kabine wird dann wieder gel\u00fcftet und desinfiziert <\/li><li>Gegner der SG duscht direkt nach seinem Spiel nach den Hygienevorgaben des WFV und verl\u00e4sst schnellstm\u00f6glich die Kabine <\/li><li>Kabine wird erneut gel\u00fcftet und desinfiziert<\/li><li>Gegner der SKG verfahren nach Ihrem Spiel ebenso<\/li><li>Kabine wird nach Verlassen gel\u00fcftet und desinfiziert<\/li><li>Durch regelm\u00e4\u00dfige Lautsprecherdurchsagen vor und w\u00e4hrend der Spiele werden alle Beteiligte auf die Einhaltung der Hygieneempfehlungen und Abstandsregelungen des WFV hingewiesen<\/li><li>Abstandsmarkierungen werden am Eingang in das Vereinsgel\u00e4nde und am \u201eAusschank\u201c angebracht. <\/li><\/ul>\n","protected":false},"excerpt":{"rendered":"<p>&nbsp; &nbsp;&nbsp; &nbsp;&nbsp; &nbsp;&nbsp; &nbsp; Hygienekonzept der SKG Erbstetten: Alle Besucher halten sich bitte an die Hygieneempfehlungen des WFV, diese sind gut ersichtlich sowohl f\u00fcr die Zuschauer, wie auch die Spieler ausgeh\u00e4ngt. Regelm\u00e4\u00dfiges H\u00e4ndewaschen auf den Toiletten m\u00f6glich mit Einweghandt\u00fcchern &hellip; <a href=\"http:\/\/skg-erbstetten.de\/?page_id=43\">Weiterlesen <span class=\"meta-nav\">&rarr;<\/span><\/a><\/p>\n","protected":false},"author":2,"featured_media":0,"parent":0,"menu_order":0,"comment_status":"closed","ping_status":"closed","template":"sidebar-page.php","meta":{"footnotes":""},"class_list":["post-43","page","type-page","status-publish","hentry"],"_links":{"self":[{"href":"http:\/\/skg-erbstetten.de\/index.php?rest_route=\/wp\/v2\/pages\/43","targetHints":{"allow":["GET"]}}],"collection":[{"href":"http:\/\/skg-erbstetten.de\/index.php?rest_route=\/wp\/v2\/pages"}],"about":[{"href":"http:\/\/skg-erbstetten.de\/index.php?rest_route=\/wp\/v2\/types\/page"}],"author":[{"embeddable":true,"href":"http:\/\/skg-erbstetten.de\/index.php?rest_route=\/wp\/v2\/users\/2"}],"replies":[{"embeddable":true,"href":"http:\/\/skg-erbstetten.de\/index.php?rest_route=%2Fwp%2Fv2%2Fcomments&post=43"}],"version-history":[{"count":9,"href":"http:\/\/skg-erbstetten.de\/index.php?rest_route=\/wp\/v2\/pages\/43\/revisions"}],"predecessor-version":[{"id":640,"href":"http:\/\/skg-erbstetten.de\/index.php?rest_route=\/wp\/v2\/pages\/43\/revisions\/640"}],"wp:attachment":[{"href":"http:\/\/skg-erbstetten.de\/index.php?rest_route=%2Fwp%2Fv2%2Fmedia&parent=43"}],"curies":[{"name":"wp","href":"https:\/\/api.w.org\/{rel}","templated":true}]}}