{"id":164,"date":"2016-04-20T12:34:21","date_gmt":"2016-04-20T12:34:21","guid":{"rendered":"http:\/\/skg-erbstetten.de\/wordpress\/?page_id=164"},"modified":"2025-04-15T09:34:10","modified_gmt":"2025-04-15T09:34:10","slug":"kontakt-2","status":"publish","type":"page","link":"http:\/\/skg-erbstetten.de\/?page_id=164","title":{"rendered":"Kontakt"},"content":{"rendered":"<h4><strong><span style=\"text-decoration: underline;\">Adresse der Gesch\u00e4ftsstelle:<\/span><\/strong><\/h4>\n<h4>SKG Erbstetten<\/h4>\n<h4>Nellmersbacher Str. 20<\/h4>\n<h4>71576 Burgstetten<\/h4>\n<h4><strong><span style=\"font-size: 10pt;\">\u00d6ffnungszeiten Gesch\u00e4ftstelle:<\/span><\/strong><\/h4>\n<h4><span style=\"font-size: 10pt;\">Donnerstag 17:30 &#8211; 18:30 Uhr (au\u00dfer in den Ferien)<\/span><\/h4>\n<h4><strong>Email:<\/strong> info@skg-erbstetten.de<\/h4>\n<p><strong>Telefon:<\/strong> 07191 \/ 854 74<\/p>\n<h4><span style=\"text-decoration: underline;\"><strong>Mitgliederverwaltung:<\/strong><\/span><\/h4>\n<h4>SKG Erbstetten<\/h4>\n<h4>Gabi Disch<\/h4>\n<p><strong>Email:<\/strong> disch-skg@web.de<\/p>\n<h4><strong><u>Vorstand Sport<\/u><\/strong><\/h4>\n<h4>Torsten Greiner<\/h4>\n<h4>Murrstr. 16<\/h4>\n<h4>71576 Burgstetten<\/h4>\n<h4>Email:\u00a0<strong>die5greiners@t-online.de<\/strong><\/h4>\n<h4><strong>Tel. Nr.:<\/strong>\u00a0 0179 2140105<\/h4>\n<h4><strong>\u00a0<\/strong><\/h4>\n<h4><strong><u>Vorstand \u00d6ffentlichkeitsarbeit<\/u><\/strong><\/h4>\n<h4>Bernd Disch<\/h4>\n<h4>Stuifenstr. 6<\/h4>\n<h4>71576 Burgstetten<\/h4>\n<h4><strong>Email:<\/strong>\u00a0disch-skg@web.de<\/h4>\n<h4><strong>Tel. Nr.:<\/strong>\u00a0 0176 77385362<\/h4>\n<h4><strong>\u00a0<\/strong><\/h4>\n<h4><\/h4>\n<h4><strong>\u00a0<\/strong><\/h4>\n<h4><strong><u>Vorstand Finanzwesen<\/u><\/strong><\/h4>\n<h4>Andreas Zeisler<\/h4>\n<h4>Kleewiesen 16<\/h4>\n<h4>71397 Leutenbach<\/h4>\n<h4>Email:\u00a0<strong>andreas.zeisler@email.de<\/strong><\/h4>\n<h4><strong>Tel.Nr.:<\/strong> \u00a00176 46574789<\/h4>\n<h4><strong>\u00a0<\/strong><\/h4>\n<h4><\/h4>\n<h4><strong><u>Vorstand Wirtschaftswesen<\/u><\/strong><\/h4>\n<h4><span style=\"font-family: Arial, Helvetica, sans-serif;\">J\u00fcrgen Kronm\u00fcller<\/span><\/h4>\n<h4><span style=\"font-family: Arial, Helvetica, sans-serif;\">Murrstra\u00dfe 15<\/span><\/h4>\n<h4><span style=\"font-family: Arial, Helvetica, sans-serif;\">71576 Burgstetten<\/span><\/h4>\n<h4><span style=\"font-family: Arial, Helvetica, sans-serif;\"><strong>Email:<\/strong> kronmueller-skg@gmx.de<\/span><\/h4>\n<h4><span style=\"font-family: Arial, Helvetica, sans-serif;\"><strong>Tel.-Nr.:\u00a0<\/strong> 0172 6531180<\/span><\/h4>\n","protected":false},"excerpt":{"rendered":"<p>Adresse der Gesch\u00e4ftsstelle: SKG Erbstetten Nellmersbacher Str. 20 71576 Burgstetten \u00d6ffnungszeiten Gesch\u00e4ftstelle: Donnerstag 17:30 &#8211; 18:30 Uhr (au\u00dfer in den Ferien) Email: info@skg-erbstetten.de Telefon: 07191 \/ 854 74 Mitgliederverwaltung: SKG Erbstetten Gabi Disch Email: disch-skg@web.de Vorstand Sport Torsten Greiner Murrstr. &hellip; <a href=\"http:\/\/skg-erbstetten.de\/?page_id=164\">Weiterlesen <span class=\"meta-nav\">&rarr;<\/span><\/a><\/p>\n","protected":false},"author":2,"featured_media":0,"parent":0,"menu_order":0,"comment_status":"closed","ping_status":"closed","template":"sidebar-page.php","meta":{"footnotes":""},"class_list":["post-164","page","type-page","status-publish","hentry"],"_links":{"self":[{"href":"http:\/\/skg-erbstetten.de\/index.php?rest_route=\/wp\/v2\/pages\/164","targetHints":{"allow":["GET"]}}],"collection":[{"href":"http:\/\/skg-erbstetten.de\/index.php?rest_route=\/wp\/v2\/pages"}],"about":[{"href":"http:\/\/skg-erbstetten.de\/index.php?rest_route=\/wp\/v2\/types\/page"}],"author":[{"embeddable":true,"href":"http:\/\/skg-erbstetten.de\/index.php?rest_route=\/wp\/v2\/users\/2"}],"replies":[{"embeddable":true,"href":"http:\/\/skg-erbstetten.de\/index.php?rest_route=%2Fwp%2Fv2%2Fcomments&post=164"}],"version-history":[{"count":27,"href":"http:\/\/skg-erbstetten.de\/index.php?rest_route=\/wp\/v2\/pages\/164\/revisions"}],"predecessor-version":[{"id":822,"href":"http:\/\/skg-erbstetten.de\/index.php?rest_route=\/wp\/v2\/pages\/164\/revisions\/822"}],"wp:attachment":[{"href":"http:\/\/skg-erbstetten.de\/index.php?rest_route=%2Fwp%2Fv2%2Fmedia&parent=164"}],"curies":[{"name":"wp","href":"https:\/\/api.w.org\/{rel}","templated":true}]}}