{"id":156,"date":"2016-04-18T20:04:35","date_gmt":"2016-04-18T20:04:35","guid":{"rendered":"http:\/\/skg-erbstetten.de\/wordpress\/?page_id=156"},"modified":"2016-04-20T13:36:07","modified_gmt":"2016-04-20T13:36:07","slug":"foerderkreis","status":"publish","type":"page","link":"http:\/\/skg-erbstetten.de\/?page_id=156","title":{"rendered":"F\u00f6rderkreis"},"content":{"rendered":"<p>Hallo lieber Besucher,<br \/>\nwir begr\u00fc\u00dfen Sie recht herzlich auf der Seite des F\u00f6rdervereins der SKG Erbstetten.<br \/>\nUnser Verein wurde 2001 zur F\u00f6rderung des Hauptvereins gegr\u00fcndet.<br \/>\nDie Hauptaufgaben unseres Vereins sind die finanzielle F\u00f6rderung des Hauptvereins durch Werbeeinnahmen, sowie unterst\u00fctzende Aktivit\u00e4ten rund um das allt\u00e4gliche Vereinsleben wie Veranstaltungen, Instandhaltungsma\u00dfnahmen usw.<\/p>\n<table border=\"0\" width=\"665\" cellspacing=\"0\" cellpadding=\"0\">\n<tbody>\n<tr align=\"LEFT\" valign=\"TOP\">\n<td width=\"609\">\n<p align=\"LEFT\"><span style=\"font-family: Arial, Helvetica, Geneva, sans-serif, sans-serif;\">Einmal j\u00e4hrlich wird unser \u201eLeichtwiesenbl\u00e4ddle\u201c herausgegeben. In diesem Heft k\u00f6nnen Sie alles Neue \u00fcber unsere gesamten Abteilungen lesen.<br \/>\nErm\u00f6glicht wird dies durch die Unterst\u00fctzung unserer Werbepartner und Mitglieder.<br \/>\nBei diesen m\u00f6chten wir uns auf diesem Wege recht herzlich f\u00fcr die allj\u00e4hrliche Unterst\u00fctzung bedanken.<br \/>\nGerne w\u00fcrden wir auch Sie als Mitglied oder als Werbepartner in unserem F\u00f6rderkreis begr\u00fc\u00dfen.<\/span><\/p>\n<\/td>\n<\/tr>\n<\/tbody>\n<\/table>\n<p>&nbsp;<\/p>\n","protected":false},"excerpt":{"rendered":"<p>Hallo lieber Besucher, wir begr\u00fc\u00dfen Sie recht herzlich auf der Seite des F\u00f6rdervereins der SKG Erbstetten. Unser Verein wurde 2001 zur F\u00f6rderung des Hauptvereins gegr\u00fcndet. Die Hauptaufgaben unseres Vereins sind die finanzielle F\u00f6rderung des Hauptvereins durch Werbeeinnahmen, sowie unterst\u00fctzende Aktivit\u00e4ten &hellip; <a href=\"http:\/\/skg-erbstetten.de\/?page_id=156\">Weiterlesen <span class=\"meta-nav\">&rarr;<\/span><\/a><\/p>\n","protected":false},"author":2,"featured_media":0,"parent":0,"menu_order":0,"comment_status":"closed","ping_status":"closed","template":"","meta":{"footnotes":""},"class_list":["post-156","page","type-page","status-publish","hentry"],"_links":{"self":[{"href":"http:\/\/skg-erbstetten.de\/index.php?rest_route=\/wp\/v2\/pages\/156","targetHints":{"allow":["GET"]}}],"collection":[{"href":"http:\/\/skg-erbstetten.de\/index.php?rest_route=\/wp\/v2\/pages"}],"about":[{"href":"http:\/\/skg-erbstetten.de\/index.php?rest_route=\/wp\/v2\/types\/page"}],"author":[{"embeddable":true,"href":"http:\/\/skg-erbstetten.de\/index.php?rest_route=\/wp\/v2\/users\/2"}],"replies":[{"embeddable":true,"href":"http:\/\/skg-erbstetten.de\/index.php?rest_route=%2Fwp%2Fv2%2Fcomments&post=156"}],"version-history":[{"count":1,"href":"http:\/\/skg-erbstetten.de\/index.php?rest_route=\/wp\/v2\/pages\/156\/revisions"}],"predecessor-version":[{"id":157,"href":"http:\/\/skg-erbstetten.de\/index.php?rest_route=\/wp\/v2\/pages\/156\/revisions\/157"}],"wp:attachment":[{"href":"http:\/\/skg-erbstetten.de\/index.php?rest_route=%2Fwp%2Fv2%2Fmedia&parent=156"}],"curies":[{"name":"wp","href":"https:\/\/api.w.org\/{rel}","templated":true}]}}